{"id":178,"date":"2020-12-12T12:01:38","date_gmt":"2020-12-12T12:01:38","guid":{"rendered":"https:\/\/plataformaproductivaloscocos.org.ar\/site\/?page_id=178"},"modified":"2021-08-13T11:09:59","modified_gmt":"2021-08-13T11:09:59","slug":"comercio-justo","status":"publish","type":"page","link":"https:\/\/plataformaproductivaloscocos.org.ar\/site\/index.php\/comercio-justo\/","title":{"rendered":"Comercio Justo"},"content":{"rendered":"\t\t<div data-elementor-type=\"wp-page\" data-elementor-id=\"178\" class=\"elementor elementor-178\" data-elementor-settings=\"[]\">\n\t\t\t\t\t\t<div class=\"elementor-inner\">\n\t\t\t\t\t\t\t<div class=\"elementor-section-wrap\">\n\t\t\t\t\t\t\t<section class=\"elementor-section elementor-top-section elementor-element elementor-element-8bbb00c elementor-section-boxed elementor-section-height-default elementor-section-height-default\" data-id=\"8bbb00c\" data-element_type=\"section\">\n\t\t\t\t\t\t<div class=\"elementor-container elementor-column-gap-default\">\n\t\t\t\t\t\t\t<div class=\"elementor-row\">\n\t\t\t\t\t<div class=\"elementor-column elementor-col-100 elementor-top-column elementor-element elementor-element-2c9256b\" data-id=\"2c9256b\" data-element_type=\"column\">\n\t\t\t<div class=\"elementor-column-wrap\">\n\t\t\t\t\t\t\t<div class=\"elementor-widget-wrap\">\n\t\t\t\t\t\t\t\t<\/div>\n\t\t\t\t\t<\/div>\n\t\t<\/div>\n\t\t\t\t\t\t\t\t<\/div>\n\t\t\t\t\t<\/div>\n\t\t<\/section>\n\t\t\t\t<section class=\"elementor-section elementor-top-section elementor-element elementor-element-1aa7f88e elementor-section-boxed elementor-section-height-default elementor-section-height-default\" data-id=\"1aa7f88e\" data-element_type=\"section\">\n\t\t\t\t\t\t<div class=\"elementor-container elementor-column-gap-default\">\n\t\t\t\t\t\t\t<div class=\"elementor-row\">\n\t\t\t\t\t<div class=\"elementor-column elementor-col-100 elementor-top-column elementor-element elementor-element-107fea40\" data-id=\"107fea40\" data-element_type=\"column\">\n\t\t\t<div class=\"elementor-column-wrap elementor-element-populated\">\n\t\t\t\t\t\t\t<div class=\"elementor-widget-wrap\">\n\t\t\t\t\t\t<div class=\"elementor-element elementor-element-23c75bae elementor-widget-divider--view-line elementor-widget elementor-widget-divider\" data-id=\"23c75bae\" data-element_type=\"widget\" data-widget_type=\"divider.default\">\n\t\t\t\t<div class=\"elementor-widget-container\">\n\t\t\t\t\t<div class=\"elementor-divider\">\n\t\t\t<span class=\"elementor-divider-separator\">\n\t\t\t\t\t\t<\/span>\n\t\t<\/div>\n\t\t\t\t<\/div>\n\t\t\t\t<\/div>\n\t\t\t\t<div class=\"elementor-element elementor-element-6bddd027 elementor-widget elementor-widget-heading\" data-id=\"6bddd027\" data-element_type=\"widget\" data-widget_type=\"heading.default\">\n\t\t\t\t<div class=\"elementor-widget-container\">\n\t\t\t<h2 class=\"elementor-heading-title elementor-size-default\">Somos productores<\/h2>\t\t<\/div>\n\t\t\t\t<\/div>\n\t\t\t\t<div class=\"elementor-element elementor-element-33c70c14 elementor-widget elementor-widget-text-editor\" data-id=\"33c70c14\" data-element_type=\"widget\" data-widget_type=\"text-editor.default\">\n\t\t\t\t<div class=\"elementor-widget-container\">\n\t\t\t\t\t<div class=\"elementor-text-editor elementor-clearfix\"><p>\u201cEl comercio Justo es un sistema comercial basado en el di\u00e1logo, la transparencia y el respeto,<br \/>que busca una mayor equidad en el comercio internacional, prestando especial atenci\u00f3n a<br \/>criterios sociales y medioambientales. Contribuye al desarrollo sostenible ofreciendo mejores<br \/>condiciones comerciales y asegurando los derechos de los productores y trabajadores<br \/>desfavorecidos, especialmente en el Sur.\u201d (Organizaci\u00f3n Mundial del Comercio Justo, WFTO)<\/p><\/div>\n\t\t\t\t<\/div>\n\t\t\t\t<\/div>\n\t\t\t\t\t\t<\/div>\n\t\t\t\t\t<\/div>\n\t\t<\/div>\n\t\t\t\t\t\t\t\t<\/div>\n\t\t\t\t\t<\/div>\n\t\t<\/section>\n\t\t\t\t<section class=\"elementor-section elementor-top-section elementor-element elementor-element-2a54043 elementor-section-boxed elementor-section-height-default elementor-section-height-default\" data-id=\"2a54043\" data-element_type=\"section\">\n\t\t\t\t\t\t<div class=\"elementor-container elementor-column-gap-default\">\n\t\t\t\t\t\t\t<div class=\"elementor-row\">\n\t\t\t\t\t<div class=\"elementor-column elementor-col-100 elementor-top-column elementor-element elementor-element-8fc11dc\" data-id=\"8fc11dc\" data-element_type=\"column\">\n\t\t\t<div class=\"elementor-column-wrap elementor-element-populated\">\n\t\t\t\t\t\t\t<div class=\"elementor-widget-wrap\">\n\t\t\t\t\t\t<div class=\"elementor-element elementor-element-23bc197 elementor-widget elementor-widget-image\" data-id=\"23bc197\" data-element_type=\"widget\" data-widget_type=\"image.default\">\n\t\t\t\t<div class=\"elementor-widget-container\">\n\t\t\t\t\t<div class=\"elementor-image\">\n\t\t\t\t\t\t\t\t\t\t<img width=\"300\" height=\"294\" src=\"https:\/\/plataformaproductivaloscocos.org.ar\/site\/wp-content\/uploads\/2021\/08\/Comercio-Justo-1024x1002-1-300x294.jpg\" class=\"attachment-medium size-medium\" alt=\"\" loading=\"lazy\" srcset=\"https:\/\/plataformaproductivaloscocos.org.ar\/site\/wp-content\/uploads\/2021\/08\/Comercio-Justo-1024x1002-1-300x294.jpg 300w, https:\/\/plataformaproductivaloscocos.org.ar\/site\/wp-content\/uploads\/2021\/08\/Comercio-Justo-1024x1002-1-768x752.jpg 768w, https:\/\/plataformaproductivaloscocos.org.ar\/site\/wp-content\/uploads\/2021\/08\/Comercio-Justo-1024x1002-1-600x587.jpg 600w, https:\/\/plataformaproductivaloscocos.org.ar\/site\/wp-content\/uploads\/2021\/08\/Comercio-Justo-1024x1002-1.jpg 1024w\" sizes=\"(max-width: 300px) 100vw, 300px\" \/>\t\t\t\t\t\t\t\t\t\t\t<\/div>\n\t\t\t\t<\/div>\n\t\t\t\t<\/div>\n\t\t\t\t\t\t<\/div>\n\t\t\t\t\t<\/div>\n\t\t<\/div>\n\t\t\t\t\t\t\t\t<\/div>\n\t\t\t\t\t<\/div>\n\t\t<\/section>\n\t\t\t\t<section class=\"elementor-section elementor-top-section elementor-element elementor-element-f2c219f elementor-section-boxed elementor-section-height-default elementor-section-height-default\" data-id=\"f2c219f\" data-element_type=\"section\">\n\t\t\t\t\t\t<div class=\"elementor-container elementor-column-gap-default\">\n\t\t\t\t\t\t\t<div class=\"elementor-row\">\n\t\t\t\t\t<div class=\"elementor-column elementor-col-100 elementor-top-column elementor-element elementor-element-cf786d3\" data-id=\"cf786d3\" data-element_type=\"column\">\n\t\t\t<div class=\"elementor-column-wrap elementor-element-populated\">\n\t\t\t\t\t\t\t<div class=\"elementor-widget-wrap\">\n\t\t\t\t\t\t<div class=\"elementor-element elementor-element-e32043c elementor-widget elementor-widget-text-editor\" data-id=\"e32043c\" data-element_type=\"widget\" data-widget_type=\"text-editor.default\">\n\t\t\t\t<div class=\"elementor-widget-container\">\n\t\t\t\t\t<div class=\"elementor-text-editor elementor-clearfix\"><h2><strong>Desde nuestro lugar buscamos fomentar los principios que rigen a la pr\u00e1ctica del Comercio Justo:<\/strong><\/h2><p><strong>1) Unimos Productores<\/strong>, Artesanos, Micro emprendedores, y Artistas de nuestra Localidad, que exponen y venden sus creaciones directamente al cliente.<\/p><p>\u00a0<\/p><p><strong>2) Como Asociaci\u00f3n Civil sin Fines de Lucro<\/strong> nuestro compromiso es lograr igualdad de oportunidades bas\u00e1ndonos en la Justicia Social.<\/p><p>\u00a0<\/p><p><strong>3) Brindamos al Productor un espacio f\u00edsico<\/strong> y un sistema de ventas que busca expandir el alcance a sus potenciales clientes.<\/p><p>\u00a0<\/p><p><strong>4) Hay un acuerdo establecido donde el Productor decide cuanto quiere ganar<\/strong> por su producto, que le permite afrontar sus costos de producci\u00f3n.<\/p><p>\u00a0<\/p><p><strong>5) Nuestros miembros tienen la libertad de elegir<\/strong> con que productos darse a conocer.<\/p><p>\u00a0<\/p><p><strong>6) Dentro de la diversidad<\/strong> de rubros, tambi\u00e9n existen cooperativas en formaci\u00f3n, y entidades locales que forman parte de nuestros asociados. Apoyamos la libertad de Elecci\u00f3n del individuo en todas sus formas y NO comulgamos con la discriminaci\u00f3n de ning\u00fan tipo.<\/p><p>\u00a0<\/p><p><strong>7) Promovemos el buen trato y el respeto<\/strong> desde adentro hacia afuera y de manera interna entre todos los integrantes con el di\u00e1logo como pilar fundamental del consenso.<\/p><p>\u00a0<\/p><p><strong>8) Apuntamos a brindar capacitaciones constantes<\/strong> que fortalezcan las capacidades individuales porque creemos firmemente que es el camino para el desarrollo grupal.<\/p><p>\u00a0<\/p><p><strong>9) Difundimos por diferentes medios toda actividad realizada desde nuestra Asociaci\u00f3n<\/strong> hacia la comunidad con la intenci\u00f3n de dar a conocer el trabajo, la cultura y la producci\u00f3n local.<\/p><p>\u00a0<\/p><p><strong>10) Somos conscientes de que los recursos naturales son escasos<\/strong> y buscamos reducir el impacto ambiental con procesos productivos sustentables y transmitiendo conciencia.<\/p><p><strong>Somos Plataforma Productiva Los Cocos<\/strong><\/p><\/div>\n\t\t\t\t<\/div>\n\t\t\t\t<\/div>\n\t\t\t\t\t\t<\/div>\n\t\t\t\t\t<\/div>\n\t\t<\/div>\n\t\t\t\t\t\t\t\t<\/div>\n\t\t\t\t\t<\/div>\n\t\t<\/section>\n\t\t\t\t<section class=\"elementor-section elementor-top-section elementor-element elementor-element-b8c7040 elementor-section-boxed elementor-section-height-default elementor-section-height-default\" data-id=\"b8c7040\" data-element_type=\"section\" data-settings=\"{&quot;background_background&quot;:&quot;classic&quot;}\">\n\t\t\t\t\t\t<div class=\"elementor-container elementor-column-gap-default\">\n\t\t\t\t\t\t\t<div class=\"elementor-row\">\n\t\t\t\t\t<div class=\"elementor-column elementor-col-50 elementor-top-column elementor-element elementor-element-5392a85\" data-id=\"5392a85\" data-element_type=\"column\">\n\t\t\t<div class=\"elementor-column-wrap elementor-element-populated\">\n\t\t\t\t\t\t\t<div class=\"elementor-widget-wrap\">\n\t\t\t\t\t\t<div class=\"elementor-element elementor-element-bb0392a elementor-widget elementor-widget-image\" data-id=\"bb0392a\" data-element_type=\"widget\" data-widget_type=\"image.default\">\n\t\t\t\t<div class=\"elementor-widget-container\">\n\t\t\t\t\t<div class=\"elementor-image\">\n\t\t\t\t\t\t\t\t\t\t<img width=\"640\" height=\"640\" src=\"https:\/\/plataformaproductivaloscocos.org.ar\/site\/wp-content\/uploads\/2020\/12\/logo-instagram.png\" class=\"attachment-large size-large\" alt=\"\" loading=\"lazy\" srcset=\"https:\/\/plataformaproductivaloscocos.org.ar\/site\/wp-content\/uploads\/2020\/12\/logo-instagram.png 1000w, https:\/\/plataformaproductivaloscocos.org.ar\/site\/wp-content\/uploads\/2020\/12\/logo-instagram-300x300.png 300w, https:\/\/plataformaproductivaloscocos.org.ar\/site\/wp-content\/uploads\/2020\/12\/logo-instagram-150x150.png 150w, https:\/\/plataformaproductivaloscocos.org.ar\/site\/wp-content\/uploads\/2020\/12\/logo-instagram-768x768.png 768w, https:\/\/plataformaproductivaloscocos.org.ar\/site\/wp-content\/uploads\/2020\/12\/logo-instagram-600x600.png 600w, https:\/\/plataformaproductivaloscocos.org.ar\/site\/wp-content\/uploads\/2020\/12\/logo-instagram-100x100.png 100w\" sizes=\"(max-width: 640px) 100vw, 640px\" \/>\t\t\t\t\t\t\t\t\t\t\t<\/div>\n\t\t\t\t<\/div>\n\t\t\t\t<\/div>\n\t\t\t\t\t\t<\/div>\n\t\t\t\t\t<\/div>\n\t\t<\/div>\n\t\t\t\t<div class=\"elementor-column elementor-col-50 elementor-top-column elementor-element elementor-element-8a73d6c\" data-id=\"8a73d6c\" data-element_type=\"column\">\n\t\t\t<div class=\"elementor-column-wrap elementor-element-populated\">\n\t\t\t\t\t\t\t<div class=\"elementor-widget-wrap\">\n\t\t\t\t\t\t<section class=\"elementor-section elementor-top-section elementor-element elementor-element-53910ac elementor-section-boxed elementor-section-height-default elementor-section-height-default\" data-id=\"53910ac\" data-element_type=\"section\">\n\t\t\t\t\t\t<div class=\"elementor-container elementor-column-gap-default\">\n\t\t\t\t\t\t\t<div class=\"elementor-row\">\n\t\t\t\t\t<div class=\"elementor-column elementor-col-100 elementor-top-column elementor-element elementor-element-8076a6b\" data-id=\"8076a6b\" data-element_type=\"column\">\n\t\t\t<div class=\"elementor-column-wrap elementor-element-populated\">\n\t\t\t\t\t\t\t<div class=\"elementor-widget-wrap\">\n\t\t\t\t\t\t<div class=\"elementor-element elementor-element-fea5f85 elementor-widget elementor-widget-heading\" data-id=\"fea5f85\" data-element_type=\"widget\" data-widget_type=\"heading.default\">\n\t\t\t\t<div class=\"elementor-widget-container\">\n\t\t\t<h2 class=\"elementor-heading-title elementor-size-default\">Nuestro Instagram<\/h2>\t\t<\/div>\n\t\t\t\t<\/div>\n\t\t\t\t<div class=\"elementor-element elementor-element-069e1af elementor-widget elementor-widget-text-editor\" data-id=\"069e1af\" data-element_type=\"widget\" data-widget_type=\"text-editor.default\">\n\t\t\t\t<div class=\"elementor-widget-container\">\n\t\t\t\t\t<div class=\"elementor-text-editor elementor-clearfix\"><p>Productos, precios, promociones.<\/p><\/div>\n\t\t\t\t<\/div>\n\t\t\t\t<\/div>\n\t\t\t\t<div class=\"elementor-element elementor-element-9a9c76c elementor-widget elementor-widget-button\" data-id=\"9a9c76c\" data-element_type=\"widget\" data-widget_type=\"button.default\">\n\t\t\t\t<div class=\"elementor-widget-container\">\n\t\t\t\t\t<div class=\"elementor-button-wrapper\">\n\t\t\t<a href=\"https:\/\/loscocos.gob.ar\/\" target=\"_blank\" rel=\"nofollow\" class=\"elementor-button-link elementor-button elementor-size-sm\" role=\"button\">\n\t\t\t\t\t\t<span class=\"elementor-button-content-wrapper\">\n\t\t\t\t\t\t<span class=\"elementor-button-icon elementor-align-icon-right\">\n\t\t\t\t<i aria-hidden=\"true\" class=\"hm hm-arrow-right1\"><\/i>\t\t\t<\/span>\n\t\t\t\t\t\t<span class=\"elementor-button-text\">Click aqu\u00ed<\/span>\n\t\t<\/span>\n\t\t\t\t\t<\/a>\n\t\t<\/div>\n\t\t\t\t<\/div>\n\t\t\t\t<\/div>\n\t\t\t\t\t\t<\/div>\n\t\t\t\t\t<\/div>\n\t\t<\/div>\n\t\t\t\t\t\t\t\t<\/div>\n\t\t\t\t\t<\/div>\n\t\t<\/section>\n\t\t\t\t\t\t<\/div>\n\t\t\t\t\t<\/div>\n\t\t<\/div>\n\t\t\t\t\t\t\t\t<\/div>\n\t\t\t\t\t<\/div>\n\t\t<\/section>\n\t\t\t\t\t\t<\/div>\n\t\t\t\t\t\t<\/div>\n\t\t\t\t\t<\/div>\n\t\t","protected":false},"excerpt":{"rendered":"<p>Somos productores \u201cEl comercio Justo es un sistema comercial basado en el di\u00e1logo, la transparencia y el respeto,que busca [&hellip;]<\/p>\n","protected":false},"author":1,"featured_media":0,"parent":0,"menu_order":0,"comment_status":"closed","ping_status":"closed","template":"templates\/builder-fullwidth-std.php","meta":[],"_links":{"self":[{"href":"https:\/\/plataformaproductivaloscocos.org.ar\/site\/index.php\/wp-json\/wp\/v2\/pages\/178"}],"collection":[{"href":"https:\/\/plataformaproductivaloscocos.org.ar\/site\/index.php\/wp-json\/wp\/v2\/pages"}],"about":[{"href":"https:\/\/plataformaproductivaloscocos.org.ar\/site\/index.php\/wp-json\/wp\/v2\/types\/page"}],"author":[{"embeddable":true,"href":"https:\/\/plataformaproductivaloscocos.org.ar\/site\/index.php\/wp-json\/wp\/v2\/users\/1"}],"replies":[{"embeddable":true,"href":"https:\/\/plataformaproductivaloscocos.org.ar\/site\/index.php\/wp-json\/wp\/v2\/comments?post=178"}],"version-history":[{"count":13,"href":"https:\/\/plataformaproductivaloscocos.org.ar\/site\/index.php\/wp-json\/wp\/v2\/pages\/178\/revisions"}],"predecessor-version":[{"id":249,"href":"https:\/\/plataformaproductivaloscocos.org.ar\/site\/index.php\/wp-json\/wp\/v2\/pages\/178\/revisions\/249"}],"wp:attachment":[{"href":"https:\/\/plataformaproductivaloscocos.org.ar\/site\/index.php\/wp-json\/wp\/v2\/media?parent=178"}],"curies":[{"name":"wp","href":"https:\/\/api.w.org\/{rel}","templated":true}]}}