{"id":192,"date":"2020-12-12T15:36:52","date_gmt":"2020-12-12T15:36:52","guid":{"rendered":"https:\/\/plataformaproductivaloscocos.org.ar\/site\/?page_id=192"},"modified":"2021-08-25T14:00:52","modified_gmt":"2021-08-25T14:00:52","slug":"institucional","status":"publish","type":"page","link":"https:\/\/plataformaproductivaloscocos.org.ar\/site\/index.php\/institucional\/","title":{"rendered":"Institucional"},"content":{"rendered":"\t\t<div data-elementor-type=\"wp-page\" data-elementor-id=\"192\" class=\"elementor elementor-192\" data-elementor-settings=\"[]\">\n\t\t\t\t\t\t<div class=\"elementor-inner\">\n\t\t\t\t\t\t\t<div class=\"elementor-section-wrap\">\n\t\t\t\t\t\t\t<section class=\"elementor-section elementor-top-section elementor-element elementor-element-4e945a81 elementor-section-boxed elementor-section-height-default elementor-section-height-default\" data-id=\"4e945a81\" data-element_type=\"section\">\n\t\t\t\t\t\t<div class=\"elementor-container elementor-column-gap-default\">\n\t\t\t\t\t\t\t<div class=\"elementor-row\">\n\t\t\t\t\t<div class=\"elementor-column elementor-col-50 elementor-top-column elementor-element elementor-element-72b575ae\" data-id=\"72b575ae\" data-element_type=\"column\">\n\t\t\t<div class=\"elementor-column-wrap elementor-element-populated\">\n\t\t\t\t\t\t\t<div class=\"elementor-widget-wrap\">\n\t\t\t\t\t\t<div class=\"elementor-element elementor-element-39fbb3a4 elementor-widget elementor-widget-heading\" data-id=\"39fbb3a4\" data-element_type=\"widget\" data-widget_type=\"heading.default\">\n\t\t\t\t<div class=\"elementor-widget-container\">\n\t\t\t<h2 class=\"elementor-heading-title elementor-size-default\">Institucional<\/h2>\t\t<\/div>\n\t\t\t\t<\/div>\n\t\t\t\t<div class=\"elementor-element elementor-element-6aaaaa57 elementor-widget elementor-widget-heading\" data-id=\"6aaaaa57\" data-element_type=\"widget\" data-widget_type=\"heading.default\">\n\t\t\t\t<div class=\"elementor-widget-container\">\n\t\t\t<h2 class=\"elementor-heading-title elementor-size-default\">Somos una comunidad emprendedora<\/h2>\t\t<\/div>\n\t\t\t\t<\/div>\n\t\t\t\t\t\t<\/div>\n\t\t\t\t\t<\/div>\n\t\t<\/div>\n\t\t\t\t<div class=\"elementor-column elementor-col-50 elementor-top-column elementor-element elementor-element-34fc5777\" data-id=\"34fc5777\" data-element_type=\"column\">\n\t\t\t<div class=\"elementor-column-wrap elementor-element-populated\">\n\t\t\t\t\t\t\t<div class=\"elementor-widget-wrap\">\n\t\t\t\t\t\t<div class=\"elementor-element elementor-element-b5aeafd elementor-widget elementor-widget-image\" data-id=\"b5aeafd\" data-element_type=\"widget\" data-widget_type=\"image.default\">\n\t\t\t\t<div class=\"elementor-widget-container\">\n\t\t\t\t\t<div class=\"elementor-image\">\n\t\t\t\t\t\t\t\t\t\t<img width=\"640\" height=\"427\" src=\"https:\/\/plataformaproductivaloscocos.org.ar\/site\/wp-content\/uploads\/2020\/12\/MG_2135-768x512.jpg\" class=\"attachment-medium_large size-medium_large\" alt=\"\" loading=\"lazy\" srcset=\"https:\/\/plataformaproductivaloscocos.org.ar\/site\/wp-content\/uploads\/2020\/12\/MG_2135-768x512.jpg 768w, https:\/\/plataformaproductivaloscocos.org.ar\/site\/wp-content\/uploads\/2020\/12\/MG_2135-300x200.jpg 300w, https:\/\/plataformaproductivaloscocos.org.ar\/site\/wp-content\/uploads\/2020\/12\/MG_2135-1024x683.jpg 1024w, https:\/\/plataformaproductivaloscocos.org.ar\/site\/wp-content\/uploads\/2020\/12\/MG_2135-1536x1024.jpg 1536w, https:\/\/plataformaproductivaloscocos.org.ar\/site\/wp-content\/uploads\/2020\/12\/MG_2135-2048x1365.jpg 2048w, https:\/\/plataformaproductivaloscocos.org.ar\/site\/wp-content\/uploads\/2020\/12\/MG_2135-1320x880.jpg 1320w, https:\/\/plataformaproductivaloscocos.org.ar\/site\/wp-content\/uploads\/2020\/12\/MG_2135-600x400.jpg 600w\" sizes=\"(max-width: 640px) 100vw, 640px\" \/>\t\t\t\t\t\t\t\t\t\t\t<\/div>\n\t\t\t\t<\/div>\n\t\t\t\t<\/div>\n\t\t\t\t\t\t<\/div>\n\t\t\t\t\t<\/div>\n\t\t<\/div>\n\t\t\t\t\t\t\t\t<\/div>\n\t\t\t\t\t<\/div>\n\t\t<\/section>\n\t\t\t\t<section class=\"elementor-section elementor-top-section elementor-element elementor-element-29e19c1f elementor-section-boxed elementor-section-height-default elementor-section-height-default\" data-id=\"29e19c1f\" data-element_type=\"section\">\n\t\t\t\t\t\t<div class=\"elementor-container elementor-column-gap-default\">\n\t\t\t\t\t\t\t<div class=\"elementor-row\">\n\t\t\t\t\t<div class=\"elementor-column elementor-col-33 elementor-top-column elementor-element elementor-element-449ab9fe\" data-id=\"449ab9fe\" data-element_type=\"column\" data-settings=\"{&quot;background_background&quot;:&quot;classic&quot;}\">\n\t\t\t<div class=\"elementor-column-wrap elementor-element-populated\">\n\t\t\t\t\t\t\t<div class=\"elementor-widget-wrap\">\n\t\t\t\t\t\t<div class=\"elementor-element elementor-element-413d3a17 elementor-widget elementor-widget-premium-addon-dual-header\" data-id=\"413d3a17\" data-element_type=\"widget\" data-widget_type=\"premium-addon-dual-header.default\">\n\t\t\t\t<div class=\"elementor-widget-container\">\n\t\t\t    \n    <div class=\"premium-dual-header-container\">\n                    <div class=\"premium-dual-header-first-container\">\n                <h2 class=\"premium-dual-header-first-header \"><span class=\"premium-dual-header-first-span\">Misi\u00f3n <\/span><span class=\"premium-dual-header-second-header \"><\/span><\/h2>             <\/div>\n            <\/div>\n\n    \t\t<\/div>\n\t\t\t\t<\/div>\n\t\t\t\t<div class=\"elementor-element elementor-element-4860d7f2 elementor-widget-divider--separator-type-pattern elementor-widget-divider--view-line elementor-widget elementor-widget-divider\" data-id=\"4860d7f2\" data-element_type=\"widget\" data-widget_type=\"divider.default\">\n\t\t\t\t<div class=\"elementor-widget-container\">\n\t\t\t\t\t<div class=\"elementor-divider\" style=\"--divider-pattern-url: url(&quot;data:image\/svg+xml,%3Csvg xmlns=&#039;http:\/\/www.w3.org\/2000\/svg&#039; preserveAspectRatio=&#039;none&#039; overflow=&#039;visible&#039; height=&#039;100%&#039; viewBox=&#039;0 0 24 24&#039; fill=&#039;none&#039; stroke=&#039;black&#039; stroke-width=&#039;3&#039; stroke-linecap=&#039;square&#039; stroke-miterlimit=&#039;10&#039;%3E%3Cpolyline points=&#039;0,18 12,6 24,18 &#039;\/%3E%3C\/svg%3E&quot;);\">\n\t\t\t<span class=\"elementor-divider-separator\">\n\t\t\t\t\t\t<\/span>\n\t\t<\/div>\n\t\t\t\t<\/div>\n\t\t\t\t<\/div>\n\t\t\t\t<div class=\"elementor-element elementor-element-292400a4 elementor-widget elementor-widget-text-editor\" data-id=\"292400a4\" data-element_type=\"widget\" data-widget_type=\"text-editor.default\">\n\t\t\t\t<div class=\"elementor-widget-container\">\n\t\t\t\t\t<div class=\"elementor-text-editor elementor-clearfix\"><h2><span dir=\"ltr\" role=\"presentation\">Somos una <\/span><span dir=\"ltr\" role=\"presentation\">asociaci\u00f3n<\/span><span dir=\"ltr\" role=\"presentation\"> que re\u00fane al ecosistema emprendedor local. <\/span><br role=\"presentation\" \/><span dir=\"ltr\" role=\"presentation\">Generamos puentes<\/span><span dir=\"ltr\" role=\"presentation\"> para motivar, impulsar y potenciar el desarrollo de <\/span><span dir=\"ltr\" role=\"presentation\">proyectos productivos y comerciales en la regi\u00f3n.<\/span><\/h2><\/div>\n\t\t\t\t<\/div>\n\t\t\t\t<\/div>\n\t\t\t\t\t\t<\/div>\n\t\t\t\t\t<\/div>\n\t\t<\/div>\n\t\t\t\t<div class=\"elementor-column elementor-col-33 elementor-top-column elementor-element elementor-element-a0d3142\" data-id=\"a0d3142\" data-element_type=\"column\" data-settings=\"{&quot;background_background&quot;:&quot;classic&quot;}\">\n\t\t\t<div class=\"elementor-column-wrap elementor-element-populated\">\n\t\t\t\t\t\t\t<div class=\"elementor-widget-wrap\">\n\t\t\t\t\t\t<div class=\"elementor-element elementor-element-2ce6d77 elementor-widget elementor-widget-premium-addon-dual-header\" data-id=\"2ce6d77\" data-element_type=\"widget\" data-widget_type=\"premium-addon-dual-header.default\">\n\t\t\t\t<div class=\"elementor-widget-container\">\n\t\t\t    \n    <div class=\"premium-dual-header-container\">\n                    <div class=\"premium-dual-header-first-container\">\n                <h2 class=\"premium-dual-header-first-header \"><span class=\"premium-dual-header-first-span\">Visi\u00f3n <\/span><span class=\"premium-dual-header-second-header \"><\/span><\/h2>             <\/div>\n            <\/div>\n\n    \t\t<\/div>\n\t\t\t\t<\/div>\n\t\t\t\t<div class=\"elementor-element elementor-element-608d0f4 elementor-widget-divider--separator-type-pattern elementor-widget-divider--view-line elementor-widget elementor-widget-divider\" data-id=\"608d0f4\" data-element_type=\"widget\" data-widget_type=\"divider.default\">\n\t\t\t\t<div class=\"elementor-widget-container\">\n\t\t\t\t\t<div class=\"elementor-divider\" style=\"--divider-pattern-url: url(&quot;data:image\/svg+xml,%3Csvg xmlns=&#039;http:\/\/www.w3.org\/2000\/svg&#039; preserveAspectRatio=&#039;none&#039; overflow=&#039;visible&#039; height=&#039;100%&#039; viewBox=&#039;0 0 24 24&#039; fill=&#039;none&#039; stroke=&#039;black&#039; stroke-width=&#039;3&#039; stroke-linecap=&#039;square&#039; stroke-miterlimit=&#039;10&#039;%3E%3Cpolyline points=&#039;0,18 12,6 24,18 &#039;\/%3E%3C\/svg%3E&quot;);\">\n\t\t\t<span class=\"elementor-divider-separator\">\n\t\t\t\t\t\t<\/span>\n\t\t<\/div>\n\t\t\t\t<\/div>\n\t\t\t\t<\/div>\n\t\t\t\t<div class=\"elementor-element elementor-element-fa3a4fa elementor-widget elementor-widget-text-editor\" data-id=\"fa3a4fa\" data-element_type=\"widget\" data-widget_type=\"text-editor.default\">\n\t\t\t\t<div class=\"elementor-widget-container\">\n\t\t\t\t\t<div class=\"elementor-text-editor elementor-clearfix\"><h2><span dir=\"ltr\" role=\"presentation\">Ser reconocidos como facilitadores de la actividad emprendedora a nivel regional, promoviendo instancias de capacitaci\u00f3n y desarrollo, creando lazos y alianzas comerciales.<\/span><\/h2><\/div>\n\t\t\t\t<\/div>\n\t\t\t\t<\/div>\n\t\t\t\t\t\t<\/div>\n\t\t\t\t\t<\/div>\n\t\t<\/div>\n\t\t\t\t<div class=\"elementor-column elementor-col-33 elementor-top-column elementor-element elementor-element-6f3c5c1\" data-id=\"6f3c5c1\" data-element_type=\"column\" data-settings=\"{&quot;background_background&quot;:&quot;classic&quot;}\">\n\t\t\t<div class=\"elementor-column-wrap elementor-element-populated\">\n\t\t\t\t\t\t\t<div class=\"elementor-widget-wrap\">\n\t\t\t\t\t\t<div class=\"elementor-element elementor-element-dbdc845 elementor-widget elementor-widget-premium-addon-dual-header\" data-id=\"dbdc845\" data-element_type=\"widget\" data-widget_type=\"premium-addon-dual-header.default\">\n\t\t\t\t<div class=\"elementor-widget-container\">\n\t\t\t    \n    <div class=\"premium-dual-header-container\">\n                    <div class=\"premium-dual-header-first-container\">\n                <h2 class=\"premium-dual-header-first-header \"><span class=\"premium-dual-header-first-span\">Valores <\/span><span class=\"premium-dual-header-second-header \"><\/span><\/h2>             <\/div>\n            <\/div>\n\n    \t\t<\/div>\n\t\t\t\t<\/div>\n\t\t\t\t<div class=\"elementor-element elementor-element-a584c46 elementor-widget-divider--separator-type-pattern elementor-widget-divider--view-line elementor-widget elementor-widget-divider\" data-id=\"a584c46\" data-element_type=\"widget\" data-widget_type=\"divider.default\">\n\t\t\t\t<div class=\"elementor-widget-container\">\n\t\t\t\t\t<div class=\"elementor-divider\" style=\"--divider-pattern-url: url(&quot;data:image\/svg+xml,%3Csvg xmlns=&#039;http:\/\/www.w3.org\/2000\/svg&#039; preserveAspectRatio=&#039;none&#039; overflow=&#039;visible&#039; height=&#039;100%&#039; viewBox=&#039;0 0 24 24&#039; fill=&#039;none&#039; stroke=&#039;black&#039; stroke-width=&#039;3&#039; stroke-linecap=&#039;square&#039; stroke-miterlimit=&#039;10&#039;%3E%3Cpolyline points=&#039;0,18 12,6 24,18 &#039;\/%3E%3C\/svg%3E&quot;);\">\n\t\t\t<span class=\"elementor-divider-separator\">\n\t\t\t\t\t\t<\/span>\n\t\t<\/div>\n\t\t\t\t<\/div>\n\t\t\t\t<\/div>\n\t\t\t\t<div class=\"elementor-element elementor-element-3878e78 elementor-widget elementor-widget-text-editor\" data-id=\"3878e78\" data-element_type=\"widget\" data-widget_type=\"text-editor.default\">\n\t\t\t\t<div class=\"elementor-widget-container\">\n\t\t\t\t\t<div class=\"elementor-text-editor elementor-clearfix\"><h2><span dir=\"ltr\" role=\"presentation\">Pasi\u00f3n<br role=\"presentation\" \/>Respeto<br role=\"presentation\" \/>Motivaci\u00f3n<br role=\"presentation\" \/>Empat\u00eda<br role=\"presentation\" \/>Creatividad<br role=\"presentation\" \/>Responsabilidad<br role=\"presentation\" \/>Compromiso<\/span><\/h2><\/div>\n\t\t\t\t<\/div>\n\t\t\t\t<\/div>\n\t\t\t\t\t\t<\/div>\n\t\t\t\t\t<\/div>\n\t\t<\/div>\n\t\t\t\t\t\t\t\t<\/div>\n\t\t\t\t\t<\/div>\n\t\t<\/section>\n\t\t\t\t<section class=\"elementor-section elementor-top-section elementor-element elementor-element-315d669 elementor-section-boxed elementor-section-height-default elementor-section-height-default\" data-id=\"315d669\" data-element_type=\"section\" data-settings=\"{&quot;background_background&quot;:&quot;classic&quot;}\">\n\t\t\t\t\t\t<div class=\"elementor-container elementor-column-gap-default\">\n\t\t\t\t\t\t\t<div class=\"elementor-row\">\n\t\t\t\t\t<div class=\"elementor-column elementor-col-100 elementor-top-column elementor-element elementor-element-412c820\" data-id=\"412c820\" data-element_type=\"column\">\n\t\t\t<div class=\"elementor-column-wrap elementor-element-populated\">\n\t\t\t\t\t\t\t<div class=\"elementor-widget-wrap\">\n\t\t\t\t\t\t<div class=\"elementor-element elementor-element-bf5cb6d elementor-widget elementor-widget-heading\" data-id=\"bf5cb6d\" data-element_type=\"widget\" data-widget_type=\"heading.default\">\n\t\t\t\t<div class=\"elementor-widget-container\">\n\t\t\t<h2 class=\"elementor-heading-title elementor-size-default\">40+<\/h2>\t\t<\/div>\n\t\t\t\t<\/div>\n\t\t\t\t<div class=\"elementor-element elementor-element-7748912 elementor-widget elementor-widget-heading\" data-id=\"7748912\" data-element_type=\"widget\" data-widget_type=\"heading.default\">\n\t\t\t\t<div class=\"elementor-widget-container\">\n\t\t\t<h2 class=\"elementor-heading-title elementor-size-default\">Socios Trabajando Activamente<\/h2>\t\t<\/div>\n\t\t\t\t<\/div>\n\t\t\t\t<div class=\"elementor-element elementor-element-5c20a00 people-working-content elementor-widget__width-initial elementor-widget-mobile__width-inherit elementor-widget elementor-widget-text-editor\" data-id=\"5c20a00\" data-element_type=\"widget\" data-widget_type=\"text-editor.default\">\n\t\t\t\t<div class=\"elementor-widget-container\">\n\t\t\t\t\t<div class=\"elementor-text-editor elementor-clearfix\"><p>Nuestra Asociaci\u00f3n Civil nuclea comerciantes, artesanos, artistas, hoteleros, productores y emprendedores locales<\/p><\/div>\n\t\t\t\t<\/div>\n\t\t\t\t<\/div>\n\t\t\t\t\t\t<\/div>\n\t\t\t\t\t<\/div>\n\t\t<\/div>\n\t\t\t\t\t\t\t\t<\/div>\n\t\t\t\t\t<\/div>\n\t\t<\/section>\n\t\t\t\t<section class=\"elementor-section elementor-top-section elementor-element elementor-element-5b4e960 elementor-section-boxed elementor-section-height-default elementor-section-height-default\" data-id=\"5b4e960\" data-element_type=\"section\">\n\t\t\t\t\t\t<div class=\"elementor-container elementor-column-gap-default\">\n\t\t\t\t\t\t\t<div class=\"elementor-row\">\n\t\t\t\t\t<div class=\"elementor-column elementor-col-100 elementor-top-column elementor-element elementor-element-dc9eb27\" data-id=\"dc9eb27\" data-element_type=\"column\">\n\t\t\t<div class=\"elementor-column-wrap elementor-element-populated\">\n\t\t\t\t\t\t\t<div class=\"elementor-widget-wrap\">\n\t\t\t\t\t\t<div class=\"elementor-element elementor-element-85045f6 elementor-widget elementor-widget-text-editor\" data-id=\"85045f6\" data-element_type=\"widget\" data-widget_type=\"text-editor.default\">\n\t\t\t\t<div class=\"elementor-widget-container\">\n\t\t\t\t\t<div class=\"elementor-text-editor elementor-clearfix\"><h3 align=\"justify\">Nuestra Historia&#8230;.<\/h3><p align=\"justify\">\u00a0<\/p><p align=\"justify\">Esta Organizaci\u00f3n surge a comienzos de 2018 de la mano del Departamento Ejecutivo Municipal\u00a0 de Los Cocos, quien brind\u00f3 el espacio f\u00edsico y gestion\u00f3 ante el Ministerio de Desarrollo Social de la Naci\u00f3n recursos necesarios para refacciones edilicias, mobiliario y maquinarias para muchos productores locales; promoviendo as\u00ed el desarrollo y puesta en valor de toda actividad artesanal, emprendedora y art\u00edstica de nuestra localidad.<\/p><p align=\"justify\">El 30 de octubre de ese mismo a\u00f1o, fue un momento de gran felicidad para todos ya que luego de varios meses de gestiones logramos nuestra personer\u00eda jur\u00eddica ante IPJ.<\/p><p align=\"justify\">En esta primera etapa llegamos a ser mas de 70 asociados de los cuales muchos recibieron herramientas desde el Ministerio de Desarrollo Social de la Naci\u00f3n.<\/p><p align=\"justify\">Est\u00e1bamos llenos de entusiasmo, pero todav\u00eda nos quedaba un camino largo por recorrer: <strong>el ejercicio de participaci\u00f3n y de creaci\u00f3n de espacios cooperativos y de desarrollo conjunto no es tarea f\u00e1cil<\/strong> y ten\u00edamos poca experiencia de la construcci\u00f3n de un proyecto as\u00ed en nuestra localidad.<\/p><p align=\"justify\">Ya entrado el a\u00f1o 2019 logramos concluir tramites en AFIP obteniendo as\u00ed nuestra inscripci\u00f3n y numero de CUIT. 30-71648044-1.<\/p><p align=\"justify\">Fue un camino lento pero las bases muy s\u00f3lidas, nos peleamos, nos amigamos, algunos dejaron el proyecto, otros se sumaron&#8230; en fin, la vida misma, <strong>pero nunca olvidamos nuestro norte.<\/strong><\/p><p align=\"justify\">Para octubre de 2019 est\u00e1bamos maduros como asociaci\u00f3n y tuvimos nuestro primer proceso de elecci\u00f3n de autoridades y cierre de ejercicio econ\u00f3mico.<\/p><p align=\"justify\">El local comercial fue creciendo y cada vez tuvimos <strong>m\u00e1s productos para ofrecer<\/strong> a quienes nos visitaban, eso nos llev\u00f3 a mejorar y profesionalizarnos, implementando un <strong>sistema de control de stock que nos permiti\u00f3 ordenarnos y agilizar enormemente las tareas administrativas.<\/strong><\/p><p align=\"justify\">Generamos una cuenta bancaria y cuenta en Mercado Pago para poder realizar cobros electr\u00f3nicos e <strong>ingresar de lleno en el mercado.<\/strong><\/p><p align=\"justify\">Y cuando cre\u00edamos que pod\u00edamos relajarnos despu\u00e9s de tantos a\u00f1os de intenso trabajo, llego el 2020. Ante la interminable cuarentena y restricciones varias, debimos sobre la marcha <strong>reformularnos y volcarnos a la venta online.<\/strong> (para muchos de nosotros el gran cuco).<\/p><p align=\"justify\">Y as\u00ed aprendimos a <strong>armar cat\u00e1logos, a manejar redes y de a poco fuimos avanzando<\/strong>. Participamos del Programa <strong>Hecho en C\u00f3rdoba<\/strong>. Esta gesti\u00f3n nos permiti\u00f3 tener visibilidad en Mercado Libre y participar en un <strong>programa de Mentor\u00edas<\/strong> donde estamos trabajando con profesionales para definir nuestro modelo de negocio y generar herramientas que nos permitan mejorar nuestra comercializaci\u00f3n.<\/p><p align=\"justify\">Hoy el 2021 nos encuentra much\u00edsimo m\u00e1s fuertes; somos m\u00e1s de <strong>40 socios activos,<\/strong> en los rubros de <strong>gastronom\u00eda, textil, cer\u00e1mica, dise\u00f1o gr\u00e1fico, luter\u00eda, encuadernaci\u00f3n, decoraci\u00f3n<\/strong>.<\/p><p align=\"justify\">Tenemos frente a nosotros el desaf\u00edo de seguir creciendo e incorporar a nuestra Asociaci\u00f3n otros sectores activos de nuestra localidad, para generar as\u00ed en conjunto estrategias de desarrollo y crecimiento sostenibles. <strong>Porque creemos en el consenso y el trabajo cooperativo. Y como en la vida misma \u2026 lo mejor est\u00e1 por venir.<\/strong><\/p><\/div>\n\t\t\t\t<\/div>\n\t\t\t\t<\/div>\n\t\t\t\t\t\t<\/div>\n\t\t\t\t\t<\/div>\n\t\t<\/div>\n\t\t\t\t\t\t\t\t<\/div>\n\t\t\t\t\t<\/div>\n\t\t<\/section>\n\t\t\t\t<section class=\"elementor-section elementor-top-section elementor-element elementor-element-8adca8d elementor-section-boxed elementor-section-height-default elementor-section-height-default\" data-id=\"8adca8d\" data-element_type=\"section\">\n\t\t\t\t\t\t<div class=\"elementor-container elementor-column-gap-default\">\n\t\t\t\t\t\t\t<div class=\"elementor-row\">\n\t\t\t\t\t<div class=\"elementor-column elementor-col-100 elementor-top-column elementor-element elementor-element-a406ef8\" data-id=\"a406ef8\" data-element_type=\"column\">\n\t\t\t<div class=\"elementor-column-wrap elementor-element-populated\">\n\t\t\t\t\t\t\t<div class=\"elementor-widget-wrap\">\n\t\t\t\t\t\t<div class=\"elementor-element elementor-element-8824abe eael-infobox-icon-bg-shape-none eael-infobox-icon-hover-bg-shape-none elementor-widget elementor-widget-eael-info-box\" data-id=\"8824abe\" data-element_type=\"widget\" data-widget_type=\"eael-info-box.default\">\n\t\t\t\t<div class=\"elementor-widget-container\">\n\t\t\t                    <div class=\"eael-infobox icon-on-left\">\n                    <div class=\"infobox-icon eael-icon-only\">\n\n            \n                            <div class=\"infobox-icon-wrap\">\n                    <i class=\"fas fa-book-open\"><\/i>                <\/div>\n            \n            \n        <\/div>\n            <div class=\"infobox-content eael-icon-only\">\n            <h4 class=\"title\">Estatuto<\/h4>\n                                                                        <p><p>Descargar o leer aqu\u00ed<\/p><\/p>\n                                                <div class=\"infobox-button\">\n            <a class=\"eael-infobox-button\" href=\"https:\/\/plataformaproductivaloscocos.org.ar\/site\/wp-content\/uploads\/2021\/07\/Estatuta-PPLC-3.pdf\">\n                                                                                        <i class=\" eael_infobox_button_icon_left\"><\/i>\n                                                                            <span class=\"infobox-button-text\">Leer o descargar<\/span>\n                            <\/a>\n        <\/div>\n                                    <\/div>\n    <\/div>\t\t<\/div>\n\t\t\t\t<\/div>\n\t\t\t\t\t\t<\/div>\n\t\t\t\t\t<\/div>\n\t\t<\/div>\n\t\t\t\t\t\t\t\t<\/div>\n\t\t\t\t\t<\/div>\n\t\t<\/section>\n\t\t\t\t\t\t<\/div>\n\t\t\t\t\t\t<\/div>\n\t\t\t\t\t<\/div>\n\t\t","protected":false},"excerpt":{"rendered":"<p>Institucional Somos una comunidad emprendedora Misi\u00f3n Somos una asociaci\u00f3n que re\u00fane al ecosistema emprendedor local. Generamos puentes para motivar, [&hellip;]<\/p>\n","protected":false},"author":1,"featured_media":0,"parent":0,"menu_order":0,"comment_status":"closed","ping_status":"closed","template":"templates\/builder-fullwidth-std.php","meta":[],"_links":{"self":[{"href":"https:\/\/plataformaproductivaloscocos.org.ar\/site\/index.php\/wp-json\/wp\/v2\/pages\/192"}],"collection":[{"href":"https:\/\/plataformaproductivaloscocos.org.ar\/site\/index.php\/wp-json\/wp\/v2\/pages"}],"about":[{"href":"https:\/\/plataformaproductivaloscocos.org.ar\/site\/index.php\/wp-json\/wp\/v2\/types\/page"}],"author":[{"embeddable":true,"href":"https:\/\/plataformaproductivaloscocos.org.ar\/site\/index.php\/wp-json\/wp\/v2\/users\/1"}],"replies":[{"embeddable":true,"href":"https:\/\/plataformaproductivaloscocos.org.ar\/site\/index.php\/wp-json\/wp\/v2\/comments?post=192"}],"version-history":[{"count":34,"href":"https:\/\/plataformaproductivaloscocos.org.ar\/site\/index.php\/wp-json\/wp\/v2\/pages\/192\/revisions"}],"predecessor-version":[{"id":278,"href":"https:\/\/plataformaproductivaloscocos.org.ar\/site\/index.php\/wp-json\/wp\/v2\/pages\/192\/revisions\/278"}],"wp:attachment":[{"href":"https:\/\/plataformaproductivaloscocos.org.ar\/site\/index.php\/wp-json\/wp\/v2\/media?parent=192"}],"curies":[{"name":"wp","href":"https:\/\/api.w.org\/{rel}","templated":true}]}}