{"id":302,"date":"2021-08-27T13:52:08","date_gmt":"2021-08-27T13:52:08","guid":{"rendered":"https:\/\/plataformaproductivaloscocos.org.ar\/site\/?page_id=302"},"modified":"2021-08-27T13:57:21","modified_gmt":"2021-08-27T13:57:21","slug":"ambiente","status":"publish","type":"page","link":"https:\/\/plataformaproductivaloscocos.org.ar\/site\/index.php\/ambiente\/","title":{"rendered":"Ambiente"},"content":{"rendered":"\t\t<div data-elementor-type=\"wp-page\" data-elementor-id=\"302\" class=\"elementor elementor-302\" data-elementor-settings=\"[]\">\n\t\t\t\t\t\t<div class=\"elementor-inner\">\n\t\t\t\t\t\t\t<div class=\"elementor-section-wrap\">\n\t\t\t\t\t\t\t<section class=\"elementor-section elementor-top-section elementor-element elementor-element-8bbb00c elementor-section-boxed elementor-section-height-default elementor-section-height-default\" data-id=\"8bbb00c\" data-element_type=\"section\">\n\t\t\t\t\t\t<div class=\"elementor-container elementor-column-gap-default\">\n\t\t\t\t\t\t\t<div class=\"elementor-row\">\n\t\t\t\t\t<div class=\"elementor-column elementor-col-100 elementor-top-column elementor-element elementor-element-2c9256b\" data-id=\"2c9256b\" data-element_type=\"column\">\n\t\t\t<div class=\"elementor-column-wrap\">\n\t\t\t\t\t\t\t<div class=\"elementor-widget-wrap\">\n\t\t\t\t\t\t\t\t<\/div>\n\t\t\t\t\t<\/div>\n\t\t<\/div>\n\t\t\t\t\t\t\t\t<\/div>\n\t\t\t\t\t<\/div>\n\t\t<\/section>\n\t\t\t\t<section class=\"elementor-section elementor-top-section elementor-element elementor-element-1aa7f88e elementor-section-boxed elementor-section-height-default elementor-section-height-default\" data-id=\"1aa7f88e\" data-element_type=\"section\">\n\t\t\t\t\t\t<div class=\"elementor-container elementor-column-gap-default\">\n\t\t\t\t\t\t\t<div class=\"elementor-row\">\n\t\t\t\t\t<div class=\"elementor-column elementor-col-100 elementor-top-column elementor-element elementor-element-107fea40\" data-id=\"107fea40\" data-element_type=\"column\">\n\t\t\t<div class=\"elementor-column-wrap elementor-element-populated\">\n\t\t\t\t\t\t\t<div class=\"elementor-widget-wrap\">\n\t\t\t\t\t\t<div class=\"elementor-element elementor-element-23c75bae elementor-widget-divider--view-line elementor-widget elementor-widget-divider\" data-id=\"23c75bae\" data-element_type=\"widget\" data-widget_type=\"divider.default\">\n\t\t\t\t<div class=\"elementor-widget-container\">\n\t\t\t\t\t<div class=\"elementor-divider\">\n\t\t\t<span class=\"elementor-divider-separator\">\n\t\t\t\t\t\t<\/span>\n\t\t<\/div>\n\t\t\t\t<\/div>\n\t\t\t\t<\/div>\n\t\t\t\t<div class=\"elementor-element elementor-element-6bddd027 elementor-widget elementor-widget-heading\" data-id=\"6bddd027\" data-element_type=\"widget\" data-widget_type=\"heading.default\">\n\t\t\t\t<div class=\"elementor-widget-container\">\n\t\t\t<h2 class=\"elementor-heading-title elementor-size-default\">Compromiso Ambiental<\/h2>\t\t<\/div>\n\t\t\t\t<\/div>\n\t\t\t\t<div class=\"elementor-element elementor-element-33c70c14 elementor-widget elementor-widget-text-editor\" data-id=\"33c70c14\" data-element_type=\"widget\" data-widget_type=\"text-editor.default\">\n\t\t\t\t<div class=\"elementor-widget-container\">\n\t\t\t\t\t<div class=\"elementor-text-editor elementor-clearfix\"><p>\u201cSalvaguardar el medioambiente es un componente esencial en la erradicaci\u00f3n de la pobreza y<br \/>uno de los cimientos de la paz.\u201d (Kofi Annan, Nobel de la paz 2001)<\/p><\/div>\n\t\t\t\t<\/div>\n\t\t\t\t<\/div>\n\t\t\t\t\t\t<\/div>\n\t\t\t\t\t<\/div>\n\t\t<\/div>\n\t\t\t\t\t\t\t\t<\/div>\n\t\t\t\t\t<\/div>\n\t\t<\/section>\n\t\t\t\t<section class=\"elementor-section elementor-top-section elementor-element elementor-element-2a54043 elementor-section-boxed elementor-section-height-default elementor-section-height-default\" data-id=\"2a54043\" data-element_type=\"section\">\n\t\t\t\t\t\t<div class=\"elementor-container elementor-column-gap-default\">\n\t\t\t\t\t\t\t<div class=\"elementor-row\">\n\t\t\t\t\t<div class=\"elementor-column elementor-col-100 elementor-top-column elementor-element elementor-element-8fc11dc\" data-id=\"8fc11dc\" data-element_type=\"column\">\n\t\t\t<div class=\"elementor-column-wrap elementor-element-populated\">\n\t\t\t\t\t\t\t<div class=\"elementor-widget-wrap\">\n\t\t\t\t\t\t<div class=\"elementor-element elementor-element-23bc197 elementor-widget elementor-widget-image\" data-id=\"23bc197\" data-element_type=\"widget\" data-widget_type=\"image.default\">\n\t\t\t\t<div class=\"elementor-widget-container\">\n\t\t\t\t\t<div class=\"elementor-image\">\n\t\t\t\t\t\t\t\t\t\t<img width=\"300\" height=\"179\" src=\"https:\/\/plataformaproductivaloscocos.org.ar\/site\/wp-content\/uploads\/2021\/08\/medio-ambiente-300x179.jpg\" class=\"attachment-medium size-medium\" alt=\"\" loading=\"lazy\" srcset=\"https:\/\/plataformaproductivaloscocos.org.ar\/site\/wp-content\/uploads\/2021\/08\/medio-ambiente-300x179.jpg 300w, https:\/\/plataformaproductivaloscocos.org.ar\/site\/wp-content\/uploads\/2021\/08\/medio-ambiente-1024x612.jpg 1024w, https:\/\/plataformaproductivaloscocos.org.ar\/site\/wp-content\/uploads\/2021\/08\/medio-ambiente-768x459.jpg 768w, https:\/\/plataformaproductivaloscocos.org.ar\/site\/wp-content\/uploads\/2021\/08\/medio-ambiente-1536x917.jpg 1536w, https:\/\/plataformaproductivaloscocos.org.ar\/site\/wp-content\/uploads\/2021\/08\/medio-ambiente-1320x788.jpg 1320w, https:\/\/plataformaproductivaloscocos.org.ar\/site\/wp-content\/uploads\/2021\/08\/medio-ambiente-600x358.jpg 600w, https:\/\/plataformaproductivaloscocos.org.ar\/site\/wp-content\/uploads\/2021\/08\/medio-ambiente.jpg 1800w\" sizes=\"(max-width: 300px) 100vw, 300px\" \/>\t\t\t\t\t\t\t\t\t\t\t<\/div>\n\t\t\t\t<\/div>\n\t\t\t\t<\/div>\n\t\t\t\t\t\t<\/div>\n\t\t\t\t\t<\/div>\n\t\t<\/div>\n\t\t\t\t\t\t\t\t<\/div>\n\t\t\t\t\t<\/div>\n\t\t<\/section>\n\t\t\t\t<section class=\"elementor-section elementor-top-section elementor-element elementor-element-f2c219f elementor-section-boxed elementor-section-height-default elementor-section-height-default\" data-id=\"f2c219f\" data-element_type=\"section\">\n\t\t\t\t\t\t<div class=\"elementor-container elementor-column-gap-default\">\n\t\t\t\t\t\t\t<div class=\"elementor-row\">\n\t\t\t\t\t<div class=\"elementor-column elementor-col-100 elementor-top-column elementor-element elementor-element-cf786d3\" data-id=\"cf786d3\" data-element_type=\"column\">\n\t\t\t<div class=\"elementor-column-wrap elementor-element-populated\">\n\t\t\t\t\t\t\t<div class=\"elementor-widget-wrap\">\n\t\t\t\t\t\t<div class=\"elementor-element elementor-element-e32043c elementor-widget elementor-widget-text-editor\" data-id=\"e32043c\" data-element_type=\"widget\" data-widget_type=\"text-editor.default\">\n\t\t\t\t<div class=\"elementor-widget-container\">\n\t\t\t\t\t<div class=\"elementor-text-editor elementor-clearfix\"><h2><strong>Con nuestro lugar, nuestra gente y desde nuestra producci\u00f3n:<\/strong><\/h2><p>El compromiso con el cuidado del ambiente nos obliga a tener en claro que existe una<br \/>corresponsabilidad para protegerlo y mantenerlo sano. Un ambiente saludable se construye en<br \/>comunidad y para ello todos debemos hacer un aporte. Los tres pilares para lograrlo son la Educaci\u00f3n,<br \/>la Promoci\u00f3n y el Control. Por eso apuntamos a colaborar con estos aspectos, preservando el entorno<br \/>en el que vivimos y desarrollamos nuestra actividad.<\/p><p>La gesti\u00f3n ambiental es un proceso que est\u00e1 orientado a identificar, evaluar, prevenir, mitigar y\/o<br \/>resolver los problemas de car\u00e1cter ambiental generados por el desarrollo de las actividades cotidianas de<br \/>una organizaci\u00f3n; con el prop\u00f3sito de lograr un desarrollo sostenible, entendido \u00e9ste como aquel que le<br \/>permite al hombre el desenvolvimiento de sus potencialidades y su patrimonio biof\u00edsico y cultural,<br \/>garantizando su permanencia en el tiempo y en el espacio.<br \/>Con base en esta premisa la Plataforma Productiva, considera importante la adopci\u00f3n de un<br \/>compromiso ambiental que garantice la prestaci\u00f3n de los servicios bajo estrategias de producci\u00f3n m\u00e1s<br \/>limpia vinculando procesos y procedimientos de manera integral hacia el desarrollo ambientalmente<br \/>sostenible y con el fin de aportar a la calidad de vida de los usuarios y colaboradores vinculados a la<br \/>instituci\u00f3n.<\/p><p>Definimos como objetivo primordial el conocer cada aspecto ambiental significativo proveniente de<br \/>nuestras actividades, con el fin de promover la prevenci\u00f3n de sus impactos sobre el medio ambiente, al<br \/>igual que el promover la reducci\u00f3n, la reutilizaci\u00f3n y el reciclaje de los insumos que as\u00ed lo permitan,<br \/>implementando nuevas tecnolog\u00edas, procesos e insumos que minimicen los impactos ambientales<br \/>derivados de las actividades desarrolladas por la instituci\u00f3n, atendiendo y respondiendo a las<br \/>preocupaciones e inquietudes de los usuarios, empleados, proveedores y dem\u00e1s partes interesadas.<\/p><p>El objetivo del desarrollo sostenible es definir proyectos viables y reconciliar los<br \/>aspectos econ\u00f3mico, social, y ambiental de las actividades humanas; se trata de progresar en estos<br \/>\u00e1mbitos sin tener que destruir el medio ambiente.<\/p><p>\u00a0<\/p><p><strong>Somos Plataforma Productiva Los Cocos<\/strong><\/p><p>Con nuestro lugar, nuestra gente y desde nuestra producci\u00f3n<\/p><\/div>\n\t\t\t\t<\/div>\n\t\t\t\t<\/div>\n\t\t\t\t\t\t<\/div>\n\t\t\t\t\t<\/div>\n\t\t<\/div>\n\t\t\t\t\t\t\t\t<\/div>\n\t\t\t\t\t<\/div>\n\t\t<\/section>\n\t\t\t\t<section class=\"elementor-section elementor-top-section elementor-element elementor-element-b8c7040 elementor-section-boxed elementor-section-height-default elementor-section-height-default\" data-id=\"b8c7040\" data-element_type=\"section\" data-settings=\"{&quot;background_background&quot;:&quot;classic&quot;}\">\n\t\t\t\t\t\t<div class=\"elementor-container elementor-column-gap-default\">\n\t\t\t\t\t\t\t<div class=\"elementor-row\">\n\t\t\t\t\t<div class=\"elementor-column elementor-col-50 elementor-top-column elementor-element elementor-element-5392a85\" data-id=\"5392a85\" data-element_type=\"column\">\n\t\t\t<div class=\"elementor-column-wrap elementor-element-populated\">\n\t\t\t\t\t\t\t<div class=\"elementor-widget-wrap\">\n\t\t\t\t\t\t<div class=\"elementor-element elementor-element-bb0392a elementor-widget elementor-widget-image\" data-id=\"bb0392a\" data-element_type=\"widget\" data-widget_type=\"image.default\">\n\t\t\t\t<div class=\"elementor-widget-container\">\n\t\t\t\t\t<div class=\"elementor-image\">\n\t\t\t\t\t\t\t\t\t\t<img width=\"640\" height=\"640\" src=\"https:\/\/plataformaproductivaloscocos.org.ar\/site\/wp-content\/uploads\/2020\/12\/logo-instagram.png\" class=\"attachment-large size-large\" alt=\"\" loading=\"lazy\" srcset=\"https:\/\/plataformaproductivaloscocos.org.ar\/site\/wp-content\/uploads\/2020\/12\/logo-instagram.png 1000w, https:\/\/plataformaproductivaloscocos.org.ar\/site\/wp-content\/uploads\/2020\/12\/logo-instagram-300x300.png 300w, https:\/\/plataformaproductivaloscocos.org.ar\/site\/wp-content\/uploads\/2020\/12\/logo-instagram-150x150.png 150w, https:\/\/plataformaproductivaloscocos.org.ar\/site\/wp-content\/uploads\/2020\/12\/logo-instagram-768x768.png 768w, https:\/\/plataformaproductivaloscocos.org.ar\/site\/wp-content\/uploads\/2020\/12\/logo-instagram-600x600.png 600w, https:\/\/plataformaproductivaloscocos.org.ar\/site\/wp-content\/uploads\/2020\/12\/logo-instagram-100x100.png 100w\" sizes=\"(max-width: 640px) 100vw, 640px\" \/>\t\t\t\t\t\t\t\t\t\t\t<\/div>\n\t\t\t\t<\/div>\n\t\t\t\t<\/div>\n\t\t\t\t\t\t<\/div>\n\t\t\t\t\t<\/div>\n\t\t<\/div>\n\t\t\t\t<div class=\"elementor-column elementor-col-50 elementor-top-column elementor-element elementor-element-8a73d6c\" data-id=\"8a73d6c\" data-element_type=\"column\">\n\t\t\t<div class=\"elementor-column-wrap elementor-element-populated\">\n\t\t\t\t\t\t\t<div class=\"elementor-widget-wrap\">\n\t\t\t\t\t\t<section class=\"elementor-section elementor-top-section elementor-element elementor-element-53910ac elementor-section-boxed elementor-section-height-default elementor-section-height-default\" data-id=\"53910ac\" data-element_type=\"section\">\n\t\t\t\t\t\t<div class=\"elementor-container elementor-column-gap-default\">\n\t\t\t\t\t\t\t<div class=\"elementor-row\">\n\t\t\t\t\t<div class=\"elementor-column elementor-col-100 elementor-top-column elementor-element elementor-element-8076a6b\" data-id=\"8076a6b\" data-element_type=\"column\">\n\t\t\t<div class=\"elementor-column-wrap elementor-element-populated\">\n\t\t\t\t\t\t\t<div class=\"elementor-widget-wrap\">\n\t\t\t\t\t\t<div class=\"elementor-element elementor-element-fea5f85 elementor-widget elementor-widget-heading\" data-id=\"fea5f85\" data-element_type=\"widget\" data-widget_type=\"heading.default\">\n\t\t\t\t<div class=\"elementor-widget-container\">\n\t\t\t<h2 class=\"elementor-heading-title elementor-size-default\">Nuestro Instagram<\/h2>\t\t<\/div>\n\t\t\t\t<\/div>\n\t\t\t\t<div class=\"elementor-element elementor-element-069e1af elementor-widget elementor-widget-text-editor\" data-id=\"069e1af\" data-element_type=\"widget\" data-widget_type=\"text-editor.default\">\n\t\t\t\t<div class=\"elementor-widget-container\">\n\t\t\t\t\t<div class=\"elementor-text-editor elementor-clearfix\"><p>Productos, precios, promociones.<\/p><\/div>\n\t\t\t\t<\/div>\n\t\t\t\t<\/div>\n\t\t\t\t<div class=\"elementor-element elementor-element-9a9c76c elementor-widget elementor-widget-button\" data-id=\"9a9c76c\" data-element_type=\"widget\" data-widget_type=\"button.default\">\n\t\t\t\t<div class=\"elementor-widget-container\">\n\t\t\t\t\t<div class=\"elementor-button-wrapper\">\n\t\t\t<a href=\"https:\/\/loscocos.gob.ar\/\" target=\"_blank\" rel=\"nofollow\" class=\"elementor-button-link elementor-button elementor-size-sm\" role=\"button\">\n\t\t\t\t\t\t<span class=\"elementor-button-content-wrapper\">\n\t\t\t\t\t\t<span class=\"elementor-button-icon elementor-align-icon-right\">\n\t\t\t\t<i aria-hidden=\"true\" class=\"hm hm-arrow-right1\"><\/i>\t\t\t<\/span>\n\t\t\t\t\t\t<span class=\"elementor-button-text\">Click aqu\u00ed<\/span>\n\t\t<\/span>\n\t\t\t\t\t<\/a>\n\t\t<\/div>\n\t\t\t\t<\/div>\n\t\t\t\t<\/div>\n\t\t\t\t\t\t<\/div>\n\t\t\t\t\t<\/div>\n\t\t<\/div>\n\t\t\t\t\t\t\t\t<\/div>\n\t\t\t\t\t<\/div>\n\t\t<\/section>\n\t\t\t\t\t\t<\/div>\n\t\t\t\t\t<\/div>\n\t\t<\/div>\n\t\t\t\t\t\t\t\t<\/div>\n\t\t\t\t\t<\/div>\n\t\t<\/section>\n\t\t\t\t\t\t<\/div>\n\t\t\t\t\t\t<\/div>\n\t\t\t\t\t<\/div>\n\t\t","protected":false},"excerpt":{"rendered":"<p>Compromiso Ambiental \u201cSalvaguardar el medioambiente es un componente esencial en la erradicaci\u00f3n de la pobreza yuno de los cimientos [&hellip;]<\/p>\n","protected":false},"author":1,"featured_media":0,"parent":0,"menu_order":0,"comment_status":"closed","ping_status":"closed","template":"templates\/builder-fullwidth-std.php","meta":[],"_links":{"self":[{"href":"https:\/\/plataformaproductivaloscocos.org.ar\/site\/index.php\/wp-json\/wp\/v2\/pages\/302"}],"collection":[{"href":"https:\/\/plataformaproductivaloscocos.org.ar\/site\/index.php\/wp-json\/wp\/v2\/pages"}],"about":[{"href":"https:\/\/plataformaproductivaloscocos.org.ar\/site\/index.php\/wp-json\/wp\/v2\/types\/page"}],"author":[{"embeddable":true,"href":"https:\/\/plataformaproductivaloscocos.org.ar\/site\/index.php\/wp-json\/wp\/v2\/users\/1"}],"replies":[{"embeddable":true,"href":"https:\/\/plataformaproductivaloscocos.org.ar\/site\/index.php\/wp-json\/wp\/v2\/comments?post=302"}],"version-history":[{"count":4,"href":"https:\/\/plataformaproductivaloscocos.org.ar\/site\/index.php\/wp-json\/wp\/v2\/pages\/302\/revisions"}],"predecessor-version":[{"id":307,"href":"https:\/\/plataformaproductivaloscocos.org.ar\/site\/index.php\/wp-json\/wp\/v2\/pages\/302\/revisions\/307"}],"wp:attachment":[{"href":"https:\/\/plataformaproductivaloscocos.org.ar\/site\/index.php\/wp-json\/wp\/v2\/media?parent=302"}],"curies":[{"name":"wp","href":"https:\/\/api.w.org\/{rel}","templated":true}]}}